{"id":311,"date":"2021-10-27T10:51:40","date_gmt":"2021-10-27T08:51:40","guid":{"rendered":"https:\/\/awo-schutzwohnung.de\/schutzwohnung\/"},"modified":"2026-04-02T00:06:54","modified_gmt":"2026-04-01T22:06:54","slug":"schutzwohnung","status":"publish","type":"page","link":"https:\/\/awo-schutzwohnung.de\/ar\/","title":{"rendered":"Schutzwohnung"},"content":{"rendered":"<div id=\"cs-content\" class=\"cs-content\"><\/div>\n","protected":false},"excerpt":{"rendered":"<p>Du bist ? Erlebst du Gewalt aufgrund deiner sexuellen Orientierung \/ geschlechtlichen Identit\u00e4t bzw. bist du davon bedroht? Brauchst du eine sichere, tempor\u00e4re Schutzunterkunft?Wir, in der LSBTIQ*-Schutzwohnung, k\u00f6nnen helfen. Mehr Infos unter:LSBTIQ*-Schutzwohnung 0176-16048496 (whatsapp)erstkontakt@queere-schutzwohnung.de12345Was ist die LSBTIQ*-Schutzwohnung? Die LSBTIQ*-Schutzwohnung bietet eine anonyme, tempor\u00e4re Unterkunft f\u00fcr vollj\u00e4hrige Personen, die von Gewalt aufgrund ihrer sexuellen und\/oder geschlechtlichen Identit\u00e4t bedroht sind, z.B. h\u00e4usliche &#8230; <\/p>\n<div><a href=\"https:\/\/awo-schutzwohnung.de\/ar\/\" class=\"more-link\">Read More<\/a><\/div>\n","protected":false},"author":1,"featured_media":0,"parent":0,"menu_order":0,"comment_status":"closed","ping_status":"closed","template":"template-blank-4.php","meta":{"footnotes":""},"class_list":["post-311","page","type-page","status-publish","hentry","no-post-thumbnail"],"yoast_head":"<!-- This site is optimized with the Yoast SEO plugin v27.3 - https:\/\/yoast.com\/product\/yoast-seo-wordpress\/ -->\n<title>AWO Schutzwohnung - Bist du Opfer von Gewalt?<\/title>\n<meta name=\"description\" content=\"Bist du von Gewalt aufgrund deiner sexuellen \/ geschlechtlichen Identit\u00e4t bedroht, z.B. von h\u00e4uslicher Gewalt und \/ oder Zwangsverheiratung?\" \/>\n<meta name=\"robots\" content=\"index, follow, max-snippet:-1, max-image-preview:large, max-video-preview:-1\" \/>\n<link rel=\"canonical\" href=\"https:\/\/awo-schutzwohnung.de\/ar\/schutzwohnung\/\" \/>\n<meta property=\"og:locale\" content=\"ar_AR\" \/>\n<meta property=\"og:type\" content=\"article\" \/>\n<meta property=\"og:title\" content=\"AWO Schutzwohnung - Bist du Opfer von Gewalt?\" \/>\n<meta property=\"og:description\" content=\"Bist du von Gewalt aufgrund deiner sexuellen \/ geschlechtlichen Identit\u00e4t bedroht, z.B. von h\u00e4uslicher Gewalt und \/ oder Zwangsverheiratung?\" \/>\n<meta property=\"og:url\" content=\"https:\/\/awo-schutzwohnung.de\/ar\/schutzwohnung\/\" \/>\n<meta property=\"og:site_name\" content=\"AWO Schutzwohnung\" \/>\n<meta property=\"article:modified_time\" content=\"2026-04-01T22:06:54+00:00\" \/>\n<meta name=\"twitter:card\" content=\"summary_large_image\" \/>\n<meta name=\"twitter:label1\" content=\"\u0648\u0642\u062a \u0627\u0644\u0642\u0631\u0627\u0621\u0629 \u0627\u0644\u0645\u064f\u0642\u062f\u0651\u0631\" \/>\n\t<meta name=\"twitter:data1\" content=\"3 \u062f\u0642\u0627\u0626\u0642\" \/>\n<script type=\"application\/ld+json\" class=\"yoast-schema-graph\">{\"@context\":\"https:\\\/\\\/schema.org\",\"@graph\":[{\"@type\":\"WebPage\",\"@id\":\"https:\\\/\\\/awo-schutzwohnung.de\\\/ar\\\/schutzwohnung\\\/\",\"url\":\"https:\\\/\\\/awo-schutzwohnung.de\\\/ar\\\/schutzwohnung\\\/\",\"name\":\"AWO Schutzwohnung - Bist du Opfer von Gewalt?\",\"isPartOf\":{\"@id\":\"https:\\\/\\\/awo-schutzwohnung.de\\\/#website\"},\"datePublished\":\"2021-10-27T08:51:40+00:00\",\"dateModified\":\"2026-04-01T22:06:54+00:00\",\"description\":\"Bist du von Gewalt aufgrund deiner sexuellen \\\/ geschlechtlichen Identit\u00e4t bedroht, z.B. von h\u00e4uslicher Gewalt und \\\/ oder Zwangsverheiratung?\",\"breadcrumb\":{\"@id\":\"https:\\\/\\\/awo-schutzwohnung.de\\\/ar\\\/schutzwohnung\\\/#breadcrumb\"},\"inLanguage\":\"ar\",\"potentialAction\":[{\"@type\":\"ReadAction\",\"target\":[\"https:\\\/\\\/awo-schutzwohnung.de\\\/ar\\\/schutzwohnung\\\/\"]}]},{\"@type\":\"BreadcrumbList\",\"@id\":\"https:\\\/\\\/awo-schutzwohnung.de\\\/ar\\\/schutzwohnung\\\/#breadcrumb\",\"itemListElement\":[{\"@type\":\"ListItem\",\"position\":1,\"name\":\"Startseite\",\"item\":\"https:\\\/\\\/awo-schutzwohnung.de\\\/ar\\\/schutzwohnung\\\/\"},{\"@type\":\"ListItem\",\"position\":2,\"name\":\"Schutzwohnung\"}]},{\"@type\":\"WebSite\",\"@id\":\"https:\\\/\\\/awo-schutzwohnung.de\\\/#website\",\"url\":\"https:\\\/\\\/awo-schutzwohnung.de\\\/\",\"name\":\"AWO Schutzwohnung\",\"description\":\"Schutzwohnung Berlin\",\"potentialAction\":[{\"@type\":\"SearchAction\",\"target\":{\"@type\":\"EntryPoint\",\"urlTemplate\":\"https:\\\/\\\/awo-schutzwohnung.de\\\/?s={search_term_string}\"},\"query-input\":{\"@type\":\"PropertyValueSpecification\",\"valueRequired\":true,\"valueName\":\"search_term_string\"}}],\"inLanguage\":\"ar\"}]}<\/script>\n<!-- \/ Yoast SEO plugin. -->","yoast_head_json":{"title":"AWO Schutzwohnung - Bist du Opfer von Gewalt?","description":"Bist du von Gewalt aufgrund deiner sexuellen \/ geschlechtlichen Identit\u00e4t bedroht, z.B. von h\u00e4uslicher Gewalt und \/ oder Zwangsverheiratung?","robots":{"index":"index","follow":"follow","max-snippet":"max-snippet:-1","max-image-preview":"max-image-preview:large","max-video-preview":"max-video-preview:-1"},"canonical":"https:\/\/awo-schutzwohnung.de\/ar\/schutzwohnung\/","og_locale":"ar_AR","og_type":"article","og_title":"AWO Schutzwohnung - Bist du Opfer von Gewalt?","og_description":"Bist du von Gewalt aufgrund deiner sexuellen \/ geschlechtlichen Identit\u00e4t bedroht, z.B. von h\u00e4uslicher Gewalt und \/ oder Zwangsverheiratung?","og_url":"https:\/\/awo-schutzwohnung.de\/ar\/schutzwohnung\/","og_site_name":"AWO Schutzwohnung","article_modified_time":"2026-04-01T22:06:54+00:00","twitter_card":"summary_large_image","twitter_misc":{"\u0648\u0642\u062a \u0627\u0644\u0642\u0631\u0627\u0621\u0629 \u0627\u0644\u0645\u064f\u0642\u062f\u0651\u0631":"3 \u062f\u0642\u0627\u0626\u0642"},"schema":{"@context":"https:\/\/schema.org","@graph":[{"@type":"WebPage","@id":"https:\/\/awo-schutzwohnung.de\/ar\/schutzwohnung\/","url":"https:\/\/awo-schutzwohnung.de\/ar\/schutzwohnung\/","name":"AWO Schutzwohnung - Bist du Opfer von Gewalt?","isPartOf":{"@id":"https:\/\/awo-schutzwohnung.de\/#website"},"datePublished":"2021-10-27T08:51:40+00:00","dateModified":"2026-04-01T22:06:54+00:00","description":"Bist du von Gewalt aufgrund deiner sexuellen \/ geschlechtlichen Identit\u00e4t bedroht, z.B. von h\u00e4uslicher Gewalt und \/ oder Zwangsverheiratung?","breadcrumb":{"@id":"https:\/\/awo-schutzwohnung.de\/ar\/schutzwohnung\/#breadcrumb"},"inLanguage":"ar","potentialAction":[{"@type":"ReadAction","target":["https:\/\/awo-schutzwohnung.de\/ar\/schutzwohnung\/"]}]},{"@type":"BreadcrumbList","@id":"https:\/\/awo-schutzwohnung.de\/ar\/schutzwohnung\/#breadcrumb","itemListElement":[{"@type":"ListItem","position":1,"name":"Startseite","item":"https:\/\/awo-schutzwohnung.de\/ar\/schutzwohnung\/"},{"@type":"ListItem","position":2,"name":"Schutzwohnung"}]},{"@type":"WebSite","@id":"https:\/\/awo-schutzwohnung.de\/#website","url":"https:\/\/awo-schutzwohnung.de\/","name":"AWO Schutzwohnung","description":"Schutzwohnung Berlin","potentialAction":[{"@type":"SearchAction","target":{"@type":"EntryPoint","urlTemplate":"https:\/\/awo-schutzwohnung.de\/?s={search_term_string}"},"query-input":{"@type":"PropertyValueSpecification","valueRequired":true,"valueName":"search_term_string"}}],"inLanguage":"ar"}]}},"_links":{"self":[{"href":"https:\/\/awo-schutzwohnung.de\/ar\/wp-json\/wp\/v2\/pages\/311","targetHints":{"allow":["GET"]}}],"collection":[{"href":"https:\/\/awo-schutzwohnung.de\/ar\/wp-json\/wp\/v2\/pages"}],"about":[{"href":"https:\/\/awo-schutzwohnung.de\/ar\/wp-json\/wp\/v2\/types\/page"}],"author":[{"embeddable":true,"href":"https:\/\/awo-schutzwohnung.de\/ar\/wp-json\/wp\/v2\/users\/1"}],"replies":[{"embeddable":true,"href":"https:\/\/awo-schutzwohnung.de\/ar\/wp-json\/wp\/v2\/comments?post=311"}],"version-history":[{"count":17,"href":"https:\/\/awo-schutzwohnung.de\/ar\/wp-json\/wp\/v2\/pages\/311\/revisions"}],"predecessor-version":[{"id":497,"href":"https:\/\/awo-schutzwohnung.de\/ar\/wp-json\/wp\/v2\/pages\/311\/revisions\/497"}],"wp:attachment":[{"href":"https:\/\/awo-schutzwohnung.de\/ar\/wp-json\/wp\/v2\/media?parent=311"}],"curies":[{"name":"wp","href":"https:\/\/api.w.org\/{rel}","templated":true}]}}