{"id":353,"date":"2021-12-13T14:07:02","date_gmt":"2021-12-13T13:07:02","guid":{"rendered":"https:\/\/awo-schutzwohnung.de\/datenschutz\/"},"modified":"2024-05-22T15:53:57","modified_gmt":"2024-05-22T13:53:57","slug":"datenschutz","status":"publish","type":"page","link":"https:\/\/awo-schutzwohnung.de\/tr\/datenschutz\/","title":{"rendered":"Datenschutz"},"content":{"rendered":"<div id=\"cs-content\" class=\"cs-content\"><\/div>\n","protected":false},"excerpt":{"rendered":"<p>Datenschutzerkl\u00e4rung Die Einhaltung datenschutzrechtlicher Anforderungen bei der Nutzung unserer Webseite ist f\u00fcr die AWO Spree-Wuhle e. V. ein zentrales Anliegen, um Ihnen bestm\u00f6gliche Sicherheit und Transparenz im Umgang mit Ihren personenbezogenen Daten zu erm\u00f6glichen. Daher m\u00f6chten wir Sie im Folgenden dar\u00fcber informieren, wie die AWO Spree-Wuhle e. V. mit Ihren personenbezogenen Daten bei der Nutzung unserer Webseite www.awo-spree-wuhle.de umgeht. Wir &#8230; <\/p>\n<div><a href=\"https:\/\/awo-schutzwohnung.de\/tr\/datenschutz\/\" class=\"more-link\">Read More<\/a><\/div>\n","protected":false},"author":1,"featured_media":0,"parent":0,"menu_order":0,"comment_status":"closed","ping_status":"closed","template":"template-blank-4.php","meta":{"footnotes":""},"class_list":["post-353","page","type-page","status-publish","hentry","no-post-thumbnail"],"yoast_head":"<!-- This site is optimized with the Yoast SEO plugin v27.3 - https:\/\/yoast.com\/product\/yoast-seo-wordpress\/ -->\n<title>Datenschutz - AWO Schutzwohnung<\/title>\n<meta name=\"robots\" content=\"index, follow, max-snippet:-1, max-image-preview:large, max-video-preview:-1\" \/>\n<link rel=\"canonical\" href=\"https:\/\/awo-schutzwohnung.de\/tr\/datenschutz\/\" \/>\n<meta property=\"og:locale\" content=\"tr_TR\" \/>\n<meta property=\"og:type\" content=\"article\" \/>\n<meta property=\"og:title\" content=\"Datenschutz - AWO Schutzwohnung\" \/>\n<meta property=\"og:description\" content=\"Datenschutzerkl\u00e4rung Die Einhaltung datenschutzrechtlicher Anforderungen bei der Nutzung unserer Webseite ist f\u00fcr die AWO Spree-Wuhle e. V. ein zentrales Anliegen, um Ihnen bestm\u00f6gliche Sicherheit und Transparenz im Umgang mit Ihren personenbezogenen Daten zu erm\u00f6glichen. Daher m\u00f6chten wir Sie im Folgenden dar\u00fcber informieren, wie die AWO Spree-Wuhle e. V. mit Ihren personenbezogenen Daten bei der Nutzung unserer Webseite www.awo-spree-wuhle.de umgeht. Wir ... Read More\" \/>\n<meta property=\"og:url\" content=\"https:\/\/awo-schutzwohnung.de\/tr\/datenschutz\/\" \/>\n<meta property=\"og:site_name\" content=\"AWO Schutzwohnung\" \/>\n<meta property=\"article:modified_time\" content=\"2024-05-22T13:53:57+00:00\" \/>\n<meta name=\"twitter:card\" content=\"summary_large_image\" \/>\n<meta name=\"twitter:label1\" content=\"Tahmini okuma s\u00fcresi\" \/>\n\t<meta name=\"twitter:data1\" content=\"1 dakika\" \/>\n<script type=\"application\/ld+json\" class=\"yoast-schema-graph\">{\"@context\":\"https:\\\/\\\/schema.org\",\"@graph\":[{\"@type\":\"WebPage\",\"@id\":\"https:\\\/\\\/awo-schutzwohnung.de\\\/tr\\\/datenschutz\\\/\",\"url\":\"https:\\\/\\\/awo-schutzwohnung.de\\\/tr\\\/datenschutz\\\/\",\"name\":\"Datenschutz - AWO Schutzwohnung\",\"isPartOf\":{\"@id\":\"https:\\\/\\\/awo-schutzwohnung.de\\\/#website\"},\"datePublished\":\"2021-12-13T13:07:02+00:00\",\"dateModified\":\"2024-05-22T13:53:57+00:00\",\"breadcrumb\":{\"@id\":\"https:\\\/\\\/awo-schutzwohnung.de\\\/tr\\\/datenschutz\\\/#breadcrumb\"},\"inLanguage\":\"tr\",\"potentialAction\":[{\"@type\":\"ReadAction\",\"target\":[\"https:\\\/\\\/awo-schutzwohnung.de\\\/tr\\\/datenschutz\\\/\"]}]},{\"@type\":\"BreadcrumbList\",\"@id\":\"https:\\\/\\\/awo-schutzwohnung.de\\\/tr\\\/datenschutz\\\/#breadcrumb\",\"itemListElement\":[{\"@type\":\"ListItem\",\"position\":1,\"name\":\"Startseite\",\"item\":\"https:\\\/\\\/awo-schutzwohnung.de\\\/tr\\\/schutzwohnung\\\/\"},{\"@type\":\"ListItem\",\"position\":2,\"name\":\"Datenschutz\"}]},{\"@type\":\"WebSite\",\"@id\":\"https:\\\/\\\/awo-schutzwohnung.de\\\/#website\",\"url\":\"https:\\\/\\\/awo-schutzwohnung.de\\\/\",\"name\":\"AWO Schutzwohnung\",\"description\":\"Schutzwohnung Berlin\",\"potentialAction\":[{\"@type\":\"SearchAction\",\"target\":{\"@type\":\"EntryPoint\",\"urlTemplate\":\"https:\\\/\\\/awo-schutzwohnung.de\\\/?s={search_term_string}\"},\"query-input\":{\"@type\":\"PropertyValueSpecification\",\"valueRequired\":true,\"valueName\":\"search_term_string\"}}],\"inLanguage\":\"tr\"}]}<\/script>\n<!-- \/ Yoast SEO plugin. -->","yoast_head_json":{"title":"Datenschutz - AWO Schutzwohnung","robots":{"index":"index","follow":"follow","max-snippet":"max-snippet:-1","max-image-preview":"max-image-preview:large","max-video-preview":"max-video-preview:-1"},"canonical":"https:\/\/awo-schutzwohnung.de\/tr\/datenschutz\/","og_locale":"tr_TR","og_type":"article","og_title":"Datenschutz - AWO Schutzwohnung","og_description":"Datenschutzerkl\u00e4rung Die Einhaltung datenschutzrechtlicher Anforderungen bei der Nutzung unserer Webseite ist f\u00fcr die AWO Spree-Wuhle e. V. ein zentrales Anliegen, um Ihnen bestm\u00f6gliche Sicherheit und Transparenz im Umgang mit Ihren personenbezogenen Daten zu erm\u00f6glichen. Daher m\u00f6chten wir Sie im Folgenden dar\u00fcber informieren, wie die AWO Spree-Wuhle e. V. mit Ihren personenbezogenen Daten bei der Nutzung unserer Webseite www.awo-spree-wuhle.de umgeht. Wir ... Read More","og_url":"https:\/\/awo-schutzwohnung.de\/tr\/datenschutz\/","og_site_name":"AWO Schutzwohnung","article_modified_time":"2024-05-22T13:53:57+00:00","twitter_card":"summary_large_image","twitter_misc":{"Tahmini okuma s\u00fcresi":"1 dakika"},"schema":{"@context":"https:\/\/schema.org","@graph":[{"@type":"WebPage","@id":"https:\/\/awo-schutzwohnung.de\/tr\/datenschutz\/","url":"https:\/\/awo-schutzwohnung.de\/tr\/datenschutz\/","name":"Datenschutz - AWO Schutzwohnung","isPartOf":{"@id":"https:\/\/awo-schutzwohnung.de\/#website"},"datePublished":"2021-12-13T13:07:02+00:00","dateModified":"2024-05-22T13:53:57+00:00","breadcrumb":{"@id":"https:\/\/awo-schutzwohnung.de\/tr\/datenschutz\/#breadcrumb"},"inLanguage":"tr","potentialAction":[{"@type":"ReadAction","target":["https:\/\/awo-schutzwohnung.de\/tr\/datenschutz\/"]}]},{"@type":"BreadcrumbList","@id":"https:\/\/awo-schutzwohnung.de\/tr\/datenschutz\/#breadcrumb","itemListElement":[{"@type":"ListItem","position":1,"name":"Startseite","item":"https:\/\/awo-schutzwohnung.de\/tr\/schutzwohnung\/"},{"@type":"ListItem","position":2,"name":"Datenschutz"}]},{"@type":"WebSite","@id":"https:\/\/awo-schutzwohnung.de\/#website","url":"https:\/\/awo-schutzwohnung.de\/","name":"AWO Schutzwohnung","description":"Schutzwohnung Berlin","potentialAction":[{"@type":"SearchAction","target":{"@type":"EntryPoint","urlTemplate":"https:\/\/awo-schutzwohnung.de\/?s={search_term_string}"},"query-input":{"@type":"PropertyValueSpecification","valueRequired":true,"valueName":"search_term_string"}}],"inLanguage":"tr"}]}},"_links":{"self":[{"href":"https:\/\/awo-schutzwohnung.de\/tr\/wp-json\/wp\/v2\/pages\/353","targetHints":{"allow":["GET"]}}],"collection":[{"href":"https:\/\/awo-schutzwohnung.de\/tr\/wp-json\/wp\/v2\/pages"}],"about":[{"href":"https:\/\/awo-schutzwohnung.de\/tr\/wp-json\/wp\/v2\/types\/page"}],"author":[{"embeddable":true,"href":"https:\/\/awo-schutzwohnung.de\/tr\/wp-json\/wp\/v2\/users\/1"}],"replies":[{"embeddable":true,"href":"https:\/\/awo-schutzwohnung.de\/tr\/wp-json\/wp\/v2\/comments?post=353"}],"version-history":[{"count":2,"href":"https:\/\/awo-schutzwohnung.de\/tr\/wp-json\/wp\/v2\/pages\/353\/revisions"}],"predecessor-version":[{"id":471,"href":"https:\/\/awo-schutzwohnung.de\/tr\/wp-json\/wp\/v2\/pages\/353\/revisions\/471"}],"wp:attachment":[{"href":"https:\/\/awo-schutzwohnung.de\/tr\/wp-json\/wp\/v2\/media?parent=353"}],"curies":[{"name":"wp","href":"https:\/\/api.w.org\/{rel}","templated":true}]}}