{"id":358,"date":"2021-12-06T02:15:00","date_gmt":"2021-12-06T01:15:00","guid":{"rendered":"https:\/\/awo-schutzwohnung.de\/impressum\/"},"modified":"2024-05-22T15:50:42","modified_gmt":"2024-05-22T13:50:42","slug":"impressum","status":"publish","type":"page","link":"https:\/\/awo-schutzwohnung.de\/tr\/impressum\/","title":{"rendered":"Impressum"},"content":{"rendered":"<div id=\"cs-content\" class=\"cs-content\"><\/div>\n","protected":false},"excerpt":{"rendered":"<p>Impressum Arbeiterwohlfahrt Kreisverband Berlin Spree-Wuhle e. V. gemeinn\u00fctziger Wohlfahrtsverband Rigaer Stra\u00dfe 55b 10247 Berlin Tel.:\u00a0030 420 890 34 Fax:\u00a0030 420 892 99 E-Mail:\u00a0info@awo-spree-wuhle.de Internet:\u00a0www.awo-spree-wuhle.de Kreisvorsitzender: C. Meyerdierks Gesch\u00e4ftsf\u00fchrer: H. Langkau Vereinsregisternummer: VR 21507 B Haftungshinweis: Trotz sorgf\u00e4ltiger inhaltlicher Kontrolle \u00fcbernehmen wir keine Haftung f\u00fcr die Inhalte externer Links. F\u00fcr illegale, fehlerhafte oder unvollst\u00e4ndige Inhalte sowie f\u00fcr Sch\u00e4den, die durch die &#8230; <\/p>\n<div><a href=\"https:\/\/awo-schutzwohnung.de\/tr\/impressum\/\" class=\"more-link\">Read More<\/a><\/div>\n","protected":false},"author":1,"featured_media":0,"parent":0,"menu_order":0,"comment_status":"closed","ping_status":"closed","template":"template-blank-4.php","meta":{"footnotes":""},"class_list":["post-358","page","type-page","status-publish","hentry","no-post-thumbnail"],"yoast_head":"<!-- This site is optimized with the Yoast SEO plugin v27.3 - https:\/\/yoast.com\/product\/yoast-seo-wordpress\/ -->\n<title>Impressum - AWO Schutzwohnung<\/title>\n<meta name=\"robots\" content=\"index, follow, max-snippet:-1, max-image-preview:large, max-video-preview:-1\" \/>\n<link rel=\"canonical\" href=\"https:\/\/awo-schutzwohnung.de\/tr\/impressum\/\" \/>\n<meta property=\"og:locale\" content=\"tr_TR\" \/>\n<meta property=\"og:type\" content=\"article\" \/>\n<meta property=\"og:title\" content=\"Impressum - AWO Schutzwohnung\" \/>\n<meta property=\"og:description\" content=\"Impressum Arbeiterwohlfahrt Kreisverband Berlin Spree-Wuhle e. V. gemeinn\u00fctziger Wohlfahrtsverband Rigaer Stra\u00dfe 55b 10247 Berlin Tel.:\u00a0030 420 890 34 Fax:\u00a0030 420 892 99 E-Mail:\u00a0info@awo-spree-wuhle.de Internet:\u00a0www.awo-spree-wuhle.de Kreisvorsitzender: C. Meyerdierks Gesch\u00e4ftsf\u00fchrer: H. Langkau Vereinsregisternummer: VR 21507 B Haftungshinweis: Trotz sorgf\u00e4ltiger inhaltlicher Kontrolle \u00fcbernehmen wir keine Haftung f\u00fcr die Inhalte externer Links. F\u00fcr illegale, fehlerhafte oder unvollst\u00e4ndige Inhalte sowie f\u00fcr Sch\u00e4den, die durch die ... Read More\" \/>\n<meta property=\"og:url\" content=\"https:\/\/awo-schutzwohnung.de\/tr\/impressum\/\" \/>\n<meta property=\"og:site_name\" content=\"AWO Schutzwohnung\" \/>\n<meta property=\"article:modified_time\" content=\"2024-05-22T13:50:42+00:00\" \/>\n<meta name=\"twitter:card\" content=\"summary_large_image\" \/>\n<meta name=\"twitter:label1\" content=\"Tahmini okuma s\u00fcresi\" \/>\n\t<meta name=\"twitter:data1\" content=\"1 dakika\" \/>\n<script type=\"application\/ld+json\" class=\"yoast-schema-graph\">{\"@context\":\"https:\\\/\\\/schema.org\",\"@graph\":[{\"@type\":\"WebPage\",\"@id\":\"https:\\\/\\\/awo-schutzwohnung.de\\\/tr\\\/impressum\\\/\",\"url\":\"https:\\\/\\\/awo-schutzwohnung.de\\\/tr\\\/impressum\\\/\",\"name\":\"Impressum - AWO Schutzwohnung\",\"isPartOf\":{\"@id\":\"https:\\\/\\\/awo-schutzwohnung.de\\\/#website\"},\"datePublished\":\"2021-12-06T01:15:00+00:00\",\"dateModified\":\"2024-05-22T13:50:42+00:00\",\"breadcrumb\":{\"@id\":\"https:\\\/\\\/awo-schutzwohnung.de\\\/tr\\\/impressum\\\/#breadcrumb\"},\"inLanguage\":\"tr\",\"potentialAction\":[{\"@type\":\"ReadAction\",\"target\":[\"https:\\\/\\\/awo-schutzwohnung.de\\\/tr\\\/impressum\\\/\"]}]},{\"@type\":\"BreadcrumbList\",\"@id\":\"https:\\\/\\\/awo-schutzwohnung.de\\\/tr\\\/impressum\\\/#breadcrumb\",\"itemListElement\":[{\"@type\":\"ListItem\",\"position\":1,\"name\":\"Startseite\",\"item\":\"https:\\\/\\\/awo-schutzwohnung.de\\\/tr\\\/schutzwohnung\\\/\"},{\"@type\":\"ListItem\",\"position\":2,\"name\":\"Impressum\"}]},{\"@type\":\"WebSite\",\"@id\":\"https:\\\/\\\/awo-schutzwohnung.de\\\/#website\",\"url\":\"https:\\\/\\\/awo-schutzwohnung.de\\\/\",\"name\":\"AWO Schutzwohnung\",\"description\":\"Schutzwohnung Berlin\",\"potentialAction\":[{\"@type\":\"SearchAction\",\"target\":{\"@type\":\"EntryPoint\",\"urlTemplate\":\"https:\\\/\\\/awo-schutzwohnung.de\\\/?s={search_term_string}\"},\"query-input\":{\"@type\":\"PropertyValueSpecification\",\"valueRequired\":true,\"valueName\":\"search_term_string\"}}],\"inLanguage\":\"tr\"}]}<\/script>\n<!-- \/ Yoast SEO plugin. -->","yoast_head_json":{"title":"Impressum - AWO Schutzwohnung","robots":{"index":"index","follow":"follow","max-snippet":"max-snippet:-1","max-image-preview":"max-image-preview:large","max-video-preview":"max-video-preview:-1"},"canonical":"https:\/\/awo-schutzwohnung.de\/tr\/impressum\/","og_locale":"tr_TR","og_type":"article","og_title":"Impressum - AWO Schutzwohnung","og_description":"Impressum Arbeiterwohlfahrt Kreisverband Berlin Spree-Wuhle e. V. gemeinn\u00fctziger Wohlfahrtsverband Rigaer Stra\u00dfe 55b 10247 Berlin Tel.:\u00a0030 420 890 34 Fax:\u00a0030 420 892 99 E-Mail:\u00a0info@awo-spree-wuhle.de Internet:\u00a0www.awo-spree-wuhle.de Kreisvorsitzender: C. Meyerdierks Gesch\u00e4ftsf\u00fchrer: H. Langkau Vereinsregisternummer: VR 21507 B Haftungshinweis: Trotz sorgf\u00e4ltiger inhaltlicher Kontrolle \u00fcbernehmen wir keine Haftung f\u00fcr die Inhalte externer Links. F\u00fcr illegale, fehlerhafte oder unvollst\u00e4ndige Inhalte sowie f\u00fcr Sch\u00e4den, die durch die ... Read More","og_url":"https:\/\/awo-schutzwohnung.de\/tr\/impressum\/","og_site_name":"AWO Schutzwohnung","article_modified_time":"2024-05-22T13:50:42+00:00","twitter_card":"summary_large_image","twitter_misc":{"Tahmini okuma s\u00fcresi":"1 dakika"},"schema":{"@context":"https:\/\/schema.org","@graph":[{"@type":"WebPage","@id":"https:\/\/awo-schutzwohnung.de\/tr\/impressum\/","url":"https:\/\/awo-schutzwohnung.de\/tr\/impressum\/","name":"Impressum - AWO Schutzwohnung","isPartOf":{"@id":"https:\/\/awo-schutzwohnung.de\/#website"},"datePublished":"2021-12-06T01:15:00+00:00","dateModified":"2024-05-22T13:50:42+00:00","breadcrumb":{"@id":"https:\/\/awo-schutzwohnung.de\/tr\/impressum\/#breadcrumb"},"inLanguage":"tr","potentialAction":[{"@type":"ReadAction","target":["https:\/\/awo-schutzwohnung.de\/tr\/impressum\/"]}]},{"@type":"BreadcrumbList","@id":"https:\/\/awo-schutzwohnung.de\/tr\/impressum\/#breadcrumb","itemListElement":[{"@type":"ListItem","position":1,"name":"Startseite","item":"https:\/\/awo-schutzwohnung.de\/tr\/schutzwohnung\/"},{"@type":"ListItem","position":2,"name":"Impressum"}]},{"@type":"WebSite","@id":"https:\/\/awo-schutzwohnung.de\/#website","url":"https:\/\/awo-schutzwohnung.de\/","name":"AWO Schutzwohnung","description":"Schutzwohnung Berlin","potentialAction":[{"@type":"SearchAction","target":{"@type":"EntryPoint","urlTemplate":"https:\/\/awo-schutzwohnung.de\/?s={search_term_string}"},"query-input":{"@type":"PropertyValueSpecification","valueRequired":true,"valueName":"search_term_string"}}],"inLanguage":"tr"}]}},"_links":{"self":[{"href":"https:\/\/awo-schutzwohnung.de\/tr\/wp-json\/wp\/v2\/pages\/358","targetHints":{"allow":["GET"]}}],"collection":[{"href":"https:\/\/awo-schutzwohnung.de\/tr\/wp-json\/wp\/v2\/pages"}],"about":[{"href":"https:\/\/awo-schutzwohnung.de\/tr\/wp-json\/wp\/v2\/types\/page"}],"author":[{"embeddable":true,"href":"https:\/\/awo-schutzwohnung.de\/tr\/wp-json\/wp\/v2\/users\/1"}],"replies":[{"embeddable":true,"href":"https:\/\/awo-schutzwohnung.de\/tr\/wp-json\/wp\/v2\/comments?post=358"}],"version-history":[{"count":2,"href":"https:\/\/awo-schutzwohnung.de\/tr\/wp-json\/wp\/v2\/pages\/358\/revisions"}],"predecessor-version":[{"id":460,"href":"https:\/\/awo-schutzwohnung.de\/tr\/wp-json\/wp\/v2\/pages\/358\/revisions\/460"}],"wp:attachment":[{"href":"https:\/\/awo-schutzwohnung.de\/tr\/wp-json\/wp\/v2\/media?parent=358"}],"curies":[{"name":"wp","href":"https:\/\/api.w.org\/{rel}","templated":true}]}}